{"id":2125,"date":"2019-07-25T14:05:23","date_gmt":"2019-07-25T14:05:23","guid":{"rendered":"https:\/\/pawfriends.qodeinteractive.com\/?page_id=2125"},"modified":"2026-03-01T21:56:05","modified_gmt":"2026-03-01T18:56:05","slug":"iletisim","status":"publish","type":"page","link":"https:\/\/www.lumosvet.com\/tr-tr\/iletisim\/","title":{"rendered":"\u0130leti\u015fim"},"content":{"rendered":"<div class=\"wpb-content-wrapper\"><p>[vc_row row_content_width=&#8221;grid&#8221; css=&#8221;.vc_custom_1565099935047{padding-top: 130px !important;}&#8221;][vc_column css=&#8221;.vc_custom_1563191624163{padding-top: 0px !important;}&#8221;]<div class=\"mkdf-elements-holder   mkdf-two-columns  mkdf-responsive-mode-1024  fifty-fifty\" ><div class=\"mkdf-eh-item  mkdf-vertical-alignment-top   \"  data-item-class=\"mkdf-eh-custom-4184\" data-1367-1600=\"0% 12% 0% 0%\" data-1025-1366=\"0% 12% 0% 0%\" data-769-1024=\"0% 0% 10% 0%\" data-681-768=\"0% 0% 10% 0%\" data-680=\"0% 0% 10% 0%\">\n\t<div class=\"mkdf-eh-item-inner\">\n\t\t<div class=\"mkdf-eh-item-content mkdf-eh-custom-4184\" style=\"padding: 0px 12% 0% 0%\">\n\t\t\t<div class=\"mkdf-section-title-holder   \" style=\"text-align: left\">\n\t<div class=\"mkdf-st-inner\">\n\t\t\t\t\t<h2 class=\"mkdf-st-title\" >\n                                    Bize Ula\u015f\u0131n                \t\t\t<\/h2>\n\t\t\t\t\t\t\t<\/div>\n<\/div>[vc_empty_space height=&#8221;45px&#8221;][vc_column_text css=&#8221;&#8221;]<strong>Adres:<\/strong>\u00a0Atat\u00fcrk caddesi, Gazipa\u015fa Soka\u011f\u0131 no:1C, 34843 Maltepe\/\u0130stanbul<br \/>\n<strong>Telefon:<\/strong>\u00a0<a href=\"tel:+905317858754\">0531 785 87 54<\/a><br \/>\n<strong>Mail:<\/strong>\u00a0<a href=\"mailto:info@lumosvet.com\">info@lumosvet.com<\/a>[\/vc_column_text][vc_empty_space height=&#8221;45px&#8221;]<div class=\"mkdf-single-image-holder   rounded \">\n    <div class=\"mkdf-si-inner\" >\n                                    <img loading=\"lazy\" decoding=\"async\" width=\"800\" height=\"493\" src=\"https:\/\/www.lumosvet.com\/tr-tr\/wp-content\/uploads\/2026\/03\/maltepe-veteriner.jpg\" class=\"attachment-full size-full\" alt=\"\" srcset=\"https:\/\/www.lumosvet.com\/tr-tr\/wp-content\/uploads\/2026\/03\/maltepe-veteriner.jpg 800w, https:\/\/www.lumosvet.com\/tr-tr\/wp-content\/uploads\/2026\/03\/maltepe-veteriner-300x185.jpg 300w, https:\/\/www.lumosvet.com\/tr-tr\/wp-content\/uploads\/2026\/03\/maltepe-veteriner-768x473.jpg 768w\" sizes=\"auto, (max-width: 800px) 100vw, 800px\" \/>                        <\/div>\n<\/div>\t\t<\/div>\n\t<\/div>\n<\/div><div class=\"mkdf-eh-item     rounded-corners\" style=\"background-color: #7C91B9\" data-item-class=\"mkdf-eh-custom-2103\" data-1367-1600=\"7.5% 11.5% 8%\" data-1025-1366=\"7.5% 11.5% 8%\" data-680=\"7.5% 7.5% 8%\">\n\t<div class=\"mkdf-eh-item-inner\">\n\t\t<div class=\"mkdf-eh-item-content mkdf-eh-custom-2103\" style=\"padding: 7.5% 14.5% 8% 14.5%\">\n\t\t\t<div class=\"mkdf-section-title-holder   mkdf-st-highlight\" style=\"text-align: left\">\n\t<div class=\"mkdf-st-inner\">\n\t\t\t\t\t<h4 class=\"mkdf-st-title\" style=\"color: #ffffff\">\n                                        Mesaj G\u00f6nder                \t\t\t<\/h4>\n\t\t\t\t\t\t\t<p class=\"mkdf-st-text\" style=\"color: #ffffff\">\n\t\t\t\tVeterinerlik hizmetlerimiz ile ilgili her t\u00fcrl\u00fc konuda bize sorabilirsiniz.\t\t\t<\/p>\n\t\t\t\t\t<\/div>\n<\/div>[vc_empty_space height=&#8221;39px&#8221;]\n<div class=\"wpcf7 no-js\" id=\"wpcf7-f478-o1\" lang=\"en-US\" dir=\"ltr\" data-wpcf7-id=\"478\">\n<div class=\"screen-reader-response\"><p role=\"status\" aria-live=\"polite\" aria-atomic=\"true\"><\/p> <ul><\/ul><\/div>\n<form action=\"\/tr-tr\/wp-json\/wp\/v2\/pages\/2125#wpcf7-f478-o1\" method=\"post\" class=\"wpcf7-form init demo\" aria-label=\"Contact form\" novalidate=\"novalidate\" data-status=\"init\">\n<fieldset class=\"hidden-fields-container\"><input type=\"hidden\" name=\"_wpcf7\" value=\"478\" \/><input type=\"hidden\" name=\"_wpcf7_version\" value=\"6.1.5\" \/><input type=\"hidden\" name=\"_wpcf7_locale\" value=\"en_US\" \/><input type=\"hidden\" name=\"_wpcf7_unit_tag\" value=\"wpcf7-f478-o1\" \/><input type=\"hidden\" name=\"_wpcf7_container_post\" value=\"0\" \/><input type=\"hidden\" name=\"_wpcf7_posted_data_hash\" value=\"\" \/>\n<\/fieldset>\n<div class=\"mkdf-cf7-contact-form-solid\">\n\t<p><span class=\"wpcf7-form-control-wrap\" data-name=\"your-email\"><input size=\"40\" maxlength=\"400\" class=\"wpcf7-form-control wpcf7-email wpcf7-validates-as-required wpcf7-text wpcf7-validates-as-email\" aria-required=\"true\" aria-invalid=\"false\" placeholder=\"Mail Adresiniz\" value=\"\" type=\"email\" name=\"your-email\" \/><\/span><span class=\"wpcf7-form-control-wrap\" data-name=\"your-message\"><textarea cols=\"40\" rows=\"10\" maxlength=\"2000\" class=\"wpcf7-form-control wpcf7-textarea\" aria-invalid=\"false\" placeholder=\"Mesaj\u0131n\u0131 yaz\" name=\"your-message\"><\/textarea><\/span><button class=\"wpcf7-form-control wpcf7-submit mkdf-btn mkdf-btn-medium mkdf-btn-solid mkdf-btn-custom-hover-color mkdf-btn-custom-hover-bg mkdf-btn-custom-border-hover\" type=\"submit\"><span class=\"mkdf-btn-text\">G\u00f6nder<\/span><\/button>\n\t<\/p>\n<\/div><div class=\"wpcf7-response-output\" aria-hidden=\"true\"><\/div>\n<\/form>\n<\/div>\n\t\t<\/div>\n\t<\/div>\n<\/div><\/div>[\/vc_column][\/vc_row][vc_row css=&#8221;.vc_custom_1563197397271{padding-top: 130px !important;}&#8221;][vc_column][vc_column_text css=&#8221;&#8221;]<iframe loading=\"lazy\" style=\"border: 0;\" src=\"https:\/\/www.google.com\/maps\/embed?pb=!1m18!1m12!1m3!1d3014.3264463962273!2d29.131650876421972!3d40.93051212420907!2m3!1f0!2f0!3f0!3m2!1i1024!2i768!4f13.1!3m3!1m2!1s0x14cac79818e03103%3A0xe04ea627c53c082!2sMaltepe%20Lumos%20Veteriner%20Klini%C4%9Fi!5e0!3m2!1str!2str!4v1770889913408!5m2!1str!2str\" width=\"100%\" height=\"450\" allowfullscreen=\"allowfullscreen\"><span data-mce-type=\"bookmark\" style=\"display: inline-block; width: 0px; overflow: hidden; line-height: 0;\" class=\"mce_SELRES_start\">\ufeff<\/span><span data-mce-type=\"bookmark\" style=\"display: inline-block; width: 0px; overflow: hidden; line-height: 0;\" class=\"mce_SELRES_start\">\ufeff<\/span><span data-mce-type=\"bookmark\" style=\"display: inline-block; width: 0px; overflow: hidden; line-height: 0;\" class=\"mce_SELRES_start\">\ufeff<\/span><\/iframe>[\/vc_column_text][\/vc_column][\/vc_row]<\/p>\n<\/div>","protected":false},"excerpt":{"rendered":"<p>[vc_row row_content_width=&#8221;grid&#8221; css=&#8221;.vc_custom_1565099935047{padding-top: 130px !important;}&#8221;][vc_column css=&#8221;.vc_custom_1563191624163{padding-top: 0px !important;}&#8221;][\/vc_column][\/vc_row][vc_row css=&#8221;.vc_custom_1563197397271{padding-top: 130px !important;}&#8221;][vc_column][vc_column_text css=&#8221;&#8221;]\ufeff\ufeff\ufeff[\/vc_column_text][\/vc_column][\/vc_row]<\/p>\n","protected":false},"author":1,"featured_media":0,"parent":0,"menu_order":0,"comment_status":"closed","ping_status":"closed","template":"full-width.php","meta":{"_uag_custom_page_level_css":"","footnotes":""},"class_list":["post-2125","page","type-page","status-publish","hentry"],"yoast_head":"<!-- This site is optimized with the Yoast SEO plugin v27.4 - https:\/\/yoast.com\/product\/yoast-seo-wordpress\/ -->\n<title>\u0130leti\u015fim \/ Lumos Maltepe Veteriner Klini\u011fi<\/title>\n<meta name=\"description\" content=\"Lumos Maltepe Veteriner Klini\u011fimize ula\u015fmak ve ileti\u015fim, harita ve di\u011fer eri\u015fim y\u00f6netmlerini incelemek i\u00e7in sayfam\u0131z\u0131 ziyaret edebilirsiniz.\" \/>\n<meta name=\"robots\" content=\"index, follow, max-snippet:-1, max-image-preview:large, max-video-preview:-1\" \/>\n<link rel=\"canonical\" href=\"https:\/\/www.lumosvet.com\/tr-tr\/iletisim\/\" \/>\n<meta property=\"og:locale\" content=\"tr_TR\" \/>\n<meta property=\"og:type\" content=\"article\" \/>\n<meta property=\"og:title\" content=\"\u0130leti\u015fim \/ Lumos Maltepe Veteriner Klini\u011fi\" \/>\n<meta property=\"og:description\" content=\"Lumos Maltepe Veteriner Klini\u011fimize ula\u015fmak ve ileti\u015fim, harita ve di\u011fer eri\u015fim y\u00f6netmlerini incelemek i\u00e7in sayfam\u0131z\u0131 ziyaret edebilirsiniz.\" \/>\n<meta property=\"og:url\" content=\"https:\/\/www.lumosvet.com\/tr-tr\/iletisim\/\" \/>\n<meta property=\"og:site_name\" content=\"Lumos\" \/>\n<meta property=\"article:modified_time\" content=\"2026-03-01T18:56:05+00:00\" \/>\n<meta name=\"twitter:card\" content=\"summary_large_image\" \/>\n<meta name=\"twitter:label1\" content=\"Tahmini okuma s\u00fcresi\" \/>\n\t<meta name=\"twitter:data1\" content=\"1 dakika\" \/>\n<script type=\"application\/ld+json\" class=\"yoast-schema-graph\">{\"@context\":\"https:\\\/\\\/schema.org\",\"@graph\":[{\"@type\":\"WebPage\",\"@id\":\"https:\\\/\\\/www.lumosvet.com\\\/tr-tr\\\/iletisim\\\/\",\"url\":\"https:\\\/\\\/www.lumosvet.com\\\/tr-tr\\\/iletisim\\\/\",\"name\":\"\u0130leti\u015fim \\\/ Lumos Maltepe Veteriner Klini\u011fi\",\"isPartOf\":{\"@id\":\"https:\\\/\\\/www.lumosvet.com\\\/tr-tr\\\/#website\"},\"datePublished\":\"2019-07-25T14:05:23+00:00\",\"dateModified\":\"2026-03-01T18:56:05+00:00\",\"description\":\"Lumos Maltepe Veteriner Klini\u011fimize ula\u015fmak ve ileti\u015fim, harita ve di\u011fer eri\u015fim y\u00f6netmlerini incelemek i\u00e7in sayfam\u0131z\u0131 ziyaret edebilirsiniz.\",\"breadcrumb\":{\"@id\":\"https:\\\/\\\/www.lumosvet.com\\\/tr-tr\\\/iletisim\\\/#breadcrumb\"},\"inLanguage\":\"tr\",\"potentialAction\":[{\"@type\":\"ReadAction\",\"target\":[\"https:\\\/\\\/www.lumosvet.com\\\/tr-tr\\\/iletisim\\\/\"]}]},{\"@type\":\"BreadcrumbList\",\"@id\":\"https:\\\/\\\/www.lumosvet.com\\\/tr-tr\\\/iletisim\\\/#breadcrumb\",\"itemListElement\":[{\"@type\":\"ListItem\",\"position\":1,\"name\":\"Anasayfa\",\"item\":\"https:\\\/\\\/www.lumosvet.com\\\/tr-tr\\\/\"},{\"@type\":\"ListItem\",\"position\":2,\"name\":\"\u0130leti\u015fim\"}]},{\"@type\":\"WebSite\",\"@id\":\"https:\\\/\\\/www.lumosvet.com\\\/tr-tr\\\/#website\",\"url\":\"https:\\\/\\\/www.lumosvet.com\\\/tr-tr\\\/\",\"name\":\"Lumos\",\"description\":\"\",\"potentialAction\":[{\"@type\":\"SearchAction\",\"target\":{\"@type\":\"EntryPoint\",\"urlTemplate\":\"https:\\\/\\\/www.lumosvet.com\\\/tr-tr\\\/?s={search_term_string}\"},\"query-input\":{\"@type\":\"PropertyValueSpecification\",\"valueRequired\":true,\"valueName\":\"search_term_string\"}}],\"inLanguage\":\"tr\"}]}<\/script>\n<!-- \/ Yoast SEO plugin. -->","yoast_head_json":{"title":"\u0130leti\u015fim \/ Lumos Maltepe Veteriner Klini\u011fi","description":"Lumos Maltepe Veteriner Klini\u011fimize ula\u015fmak ve ileti\u015fim, harita ve di\u011fer eri\u015fim y\u00f6netmlerini incelemek i\u00e7in sayfam\u0131z\u0131 ziyaret edebilirsiniz.","robots":{"index":"index","follow":"follow","max-snippet":"max-snippet:-1","max-image-preview":"max-image-preview:large","max-video-preview":"max-video-preview:-1"},"canonical":"https:\/\/www.lumosvet.com\/tr-tr\/iletisim\/","og_locale":"tr_TR","og_type":"article","og_title":"\u0130leti\u015fim \/ Lumos Maltepe Veteriner Klini\u011fi","og_description":"Lumos Maltepe Veteriner Klini\u011fimize ula\u015fmak ve ileti\u015fim, harita ve di\u011fer eri\u015fim y\u00f6netmlerini incelemek i\u00e7in sayfam\u0131z\u0131 ziyaret edebilirsiniz.","og_url":"https:\/\/www.lumosvet.com\/tr-tr\/iletisim\/","og_site_name":"Lumos","article_modified_time":"2026-03-01T18:56:05+00:00","twitter_card":"summary_large_image","twitter_misc":{"Tahmini okuma s\u00fcresi":"1 dakika"},"schema":{"@context":"https:\/\/schema.org","@graph":[{"@type":"WebPage","@id":"https:\/\/www.lumosvet.com\/tr-tr\/iletisim\/","url":"https:\/\/www.lumosvet.com\/tr-tr\/iletisim\/","name":"\u0130leti\u015fim \/ Lumos Maltepe Veteriner Klini\u011fi","isPartOf":{"@id":"https:\/\/www.lumosvet.com\/tr-tr\/#website"},"datePublished":"2019-07-25T14:05:23+00:00","dateModified":"2026-03-01T18:56:05+00:00","description":"Lumos Maltepe Veteriner Klini\u011fimize ula\u015fmak ve ileti\u015fim, harita ve di\u011fer eri\u015fim y\u00f6netmlerini incelemek i\u00e7in sayfam\u0131z\u0131 ziyaret edebilirsiniz.","breadcrumb":{"@id":"https:\/\/www.lumosvet.com\/tr-tr\/iletisim\/#breadcrumb"},"inLanguage":"tr","potentialAction":[{"@type":"ReadAction","target":["https:\/\/www.lumosvet.com\/tr-tr\/iletisim\/"]}]},{"@type":"BreadcrumbList","@id":"https:\/\/www.lumosvet.com\/tr-tr\/iletisim\/#breadcrumb","itemListElement":[{"@type":"ListItem","position":1,"name":"Anasayfa","item":"https:\/\/www.lumosvet.com\/tr-tr\/"},{"@type":"ListItem","position":2,"name":"\u0130leti\u015fim"}]},{"@type":"WebSite","@id":"https:\/\/www.lumosvet.com\/tr-tr\/#website","url":"https:\/\/www.lumosvet.com\/tr-tr\/","name":"Lumos","description":"","potentialAction":[{"@type":"SearchAction","target":{"@type":"EntryPoint","urlTemplate":"https:\/\/www.lumosvet.com\/tr-tr\/?s={search_term_string}"},"query-input":{"@type":"PropertyValueSpecification","valueRequired":true,"valueName":"search_term_string"}}],"inLanguage":"tr"}]}},"uagb_featured_image_src":{"full":false,"thumbnail":false,"medium":false,"medium_large":false,"large":false,"1536x1536":false,"2048x2048":false,"pawfriends_mikado_image_square":false,"pawfriends_mikado_image_landscape":false,"pawfriends_mikado_image_portrait":false,"pawfriends_mikado_image_huge":false},"uagb_author_info":{"display_name":"rtaytug","author_link":"https:\/\/www.lumosvet.com\/tr-tr\/author\/rtaytug\/"},"uagb_comment_info":0,"uagb_excerpt":"[vc_row row_content_width=&#8221;grid&#8221; css=&#8221;.vc_custom_1565099935047{padding-top: 130px !important;}&#8221;][vc_column css=&#8221;.vc_custom_1563191624163{padding-top: 0px !important;}&#8221;][\/vc_column][\/vc_row][vc_row css=&#8221;.vc_custom_1563197397271{padding-top: 130px !important;}&#8221;][vc_column][vc_column_text css=&#8221;&#8221;]\ufeff\ufeff\ufeff[\/vc_column_text][\/vc_column][\/vc_row]","_links":{"self":[{"href":"https:\/\/www.lumosvet.com\/tr-tr\/wp-json\/wp\/v2\/pages\/2125","targetHints":{"allow":["GET"]}}],"collection":[{"href":"https:\/\/www.lumosvet.com\/tr-tr\/wp-json\/wp\/v2\/pages"}],"about":[{"href":"https:\/\/www.lumosvet.com\/tr-tr\/wp-json\/wp\/v2\/types\/page"}],"author":[{"embeddable":true,"href":"https:\/\/www.lumosvet.com\/tr-tr\/wp-json\/wp\/v2\/users\/1"}],"replies":[{"embeddable":true,"href":"https:\/\/www.lumosvet.com\/tr-tr\/wp-json\/wp\/v2\/comments?post=2125"}],"version-history":[{"count":8,"href":"https:\/\/www.lumosvet.com\/tr-tr\/wp-json\/wp\/v2\/pages\/2125\/revisions"}],"predecessor-version":[{"id":5150,"href":"https:\/\/www.lumosvet.com\/tr-tr\/wp-json\/wp\/v2\/pages\/2125\/revisions\/5150"}],"wp:attachment":[{"href":"https:\/\/www.lumosvet.com\/tr-tr\/wp-json\/wp\/v2\/media?parent=2125"}],"curies":[{"name":"wp","href":"https:\/\/api.w.org\/{rel}","templated":true}]}}