{"id":2136,"date":"2019-07-25T14:37:16","date_gmt":"2019-07-25T14:37:16","guid":{"rendered":"https:\/\/pawfriends.qodeinteractive.com\/?page_id=2136"},"modified":"2026-03-01T23:35:05","modified_gmt":"2026-03-01T20:35:05","slug":"veteriner-hizmetlerimiz","status":"publish","type":"page","link":"https:\/\/www.lumosvet.com\/tr-tr\/veteriner-hizmetlerimiz\/","title":{"rendered":"Hizmetlerimiz"},"content":{"rendered":"<div class=\"wpb-content-wrapper\"><p>[vc_row row_content_width=&#8221;grid&#8221; css=&#8221;.vc_custom_1563187137789{padding-top: 110px !important;}&#8221;][vc_column width=&#8221;1\/4&#8243;][vc_column_text css=&#8221;&#8221;]<\/p>\n<h4>Hizmetlerimiz<\/h4>\n<p>[\/vc_column_text][vc_column_text css=&#8221;&#8221;]<\/p>\n<ul>\n<li><a href=\"https:\/\/www.lumosvet.com\/tr-tr\/veteriner-hizmetlerimiz\/maltepe-acil-nobetci-veteriner\/\">Acil Veterinerlik Hizmeti<\/a><\/li>\n<li><a href=\"https:\/\/www.lumosvet.com\/tr-tr\/veteriner-hizmetlerimiz\/kisirlastirma\/\">K\u0131s\u0131rla\u015ft\u0131rma<\/a><\/li>\n<li><a href=\"https:\/\/www.lumosvet.com\/tr-tr\/veteriner-hizmetlerimiz\/cerrahi\/\">Cerrahi<\/a><\/li>\n<li><a href=\"https:\/\/www.lumosvet.com\/tr-tr\/veteriner-hizmetlerimiz\/koruyucu-hekimlik\/\">Koruyucu Hekimlik<\/a><\/li>\n<li>Mikro\u00e7ip Takt\u0131rma<\/li>\n<li>Dahiliye<\/li>\n<li>Yo\u011fun Bak\u0131m<\/li>\n<\/ul>\n<p>[\/vc_column_text][\/vc_column][vc_column width=&#8221;3\/4&#8243;][vc_column_text css=&#8221;&#8221;]<\/p>\n<p data-start=\"281\" data-end=\"569\">Lumos Veteriner Klini\u011fi olarak Maltepe\u2019de kedi ve k\u00f6pekler ba\u015fta olmak \u00fczere t\u00fcm patili dostlar\u0131n\u0131za kapsaml\u0131 veteriner hizmetleri sunuyoruz. Koruyucu hekimlikten ileri tan\u0131 ve cerrahi i\u015flemlere kadar geni\u015f bir hizmet yelpazesiyle, her a\u015famada g\u00fcvenli ve modern bir yakla\u015f\u0131m benimsiyoruz.<\/p>\n<p data-start=\"571\" data-end=\"882\">Klini\u011fimizde; rutin kontroller, a\u015f\u0131 ve tedavi uygulamalar\u0131, dahiliye hizmetleri, k\u0131s\u0131rla\u015ft\u0131rma operasyonlar\u0131, laboratuvar analizleri, dijital r\u00f6ntgen ve ultrasonografi gibi bir\u00e7ok alanda profesyonel destek sa\u011flanmaktad\u0131r. Her muayenede \u00f6nceli\u011fimiz do\u011fru te\u015fhis, \u015feffaf bilgilendirme ve dostlar\u0131n\u0131z\u0131n konforudur.<\/p>\n<p data-start=\"884\" data-end=\"1074\">Maltepe ve \u00e7evresinde g\u00fcvenilir bir veteriner klini\u011fi ar\u0131yorsan\u0131z, sol men\u00fcde yer alan hizmet ba\u015fl\u0131klar\u0131ndan detaylara ula\u015fabilir, ihtiya\u00e7 duydu\u011funuz konuda bizimle ileti\u015fime ge\u00e7ebilirsiniz.<\/p>\n<p>[\/vc_column_text][\/vc_column][\/vc_row][vc_row][vc_column][vc_empty_space][\/vc_column][\/vc_row]<\/p>\n<\/div>","protected":false},"excerpt":{"rendered":"<p>[vc_row row_content_width=&#8221;grid&#8221; css=&#8221;.vc_custom_1563187137789{padding-top: 110px !important;}&#8221;][vc_column width=&#8221;1\/4&#8243;][vc_column_text css=&#8221;&#8221;] Hizmetlerimiz [\/vc_column_text][vc_column_text css=&#8221;&#8221;] Acil Veterinerlik Hizmeti K\u0131s\u0131rla\u015ft\u0131rma Cerrahi Koruyucu Hekimlik Mikro\u00e7ip Takt\u0131rma Dahiliye Yo\u011fun Bak\u0131m [\/vc_column_text][\/vc_column][vc_column width=&#8221;3\/4&#8243;][vc_column_text css=&#8221;&#8221;] Lumos Veteriner Klini\u011fi olarak Maltepe\u2019de kedi ve k\u00f6pekler ba\u015fta olmak \u00fczere t\u00fcm patili dostlar\u0131n\u0131za kapsaml\u0131 [&hellip;]<\/p>\n","protected":false},"author":1,"featured_media":0,"parent":0,"menu_order":0,"comment_status":"closed","ping_status":"closed","template":"full-width.php","meta":{"_uag_custom_page_level_css":"","footnotes":""},"class_list":["post-2136","page","type-page","status-publish","hentry"],"yoast_head":"<!-- This site is optimized with the Yoast SEO plugin v27.4 - https:\/\/yoast.com\/product\/yoast-seo-wordpress\/ -->\n<title>Hizmetlerimiz - Lumos<\/title>\n<meta name=\"robots\" content=\"index, follow, max-snippet:-1, max-image-preview:large, max-video-preview:-1\" \/>\n<link rel=\"canonical\" href=\"https:\/\/www.lumosvet.com\/tr-tr\/veteriner-hizmetlerimiz\/\" \/>\n<meta property=\"og:locale\" content=\"tr_TR\" \/>\n<meta property=\"og:type\" content=\"article\" \/>\n<meta property=\"og:title\" content=\"Hizmetlerimiz - Lumos\" \/>\n<meta property=\"og:description\" content=\"[vc_row row_content_width=&#8221;grid&#8221; css=&#8221;.vc_custom_1563187137789{padding-top: 110px !important;}&#8221;][vc_column width=&#8221;1\/4&#8243;][vc_column_text css=&#8221;&#8221;] Hizmetlerimiz [\/vc_column_text][vc_column_text css=&#8221;&#8221;] Acil Veterinerlik Hizmeti K\u0131s\u0131rla\u015ft\u0131rma Cerrahi Koruyucu Hekimlik Mikro\u00e7ip Takt\u0131rma Dahiliye Yo\u011fun Bak\u0131m [\/vc_column_text][\/vc_column][vc_column width=&#8221;3\/4&#8243;][vc_column_text css=&#8221;&#8221;] Lumos Veteriner Klini\u011fi olarak Maltepe\u2019de kedi ve k\u00f6pekler ba\u015fta olmak \u00fczere t\u00fcm patili dostlar\u0131n\u0131za kapsaml\u0131 [&hellip;]\" \/>\n<meta property=\"og:url\" content=\"https:\/\/www.lumosvet.com\/tr-tr\/veteriner-hizmetlerimiz\/\" \/>\n<meta property=\"og:site_name\" content=\"Lumos\" \/>\n<meta property=\"article:modified_time\" content=\"2026-03-01T20:35:05+00:00\" \/>\n<meta name=\"twitter:card\" content=\"summary_large_image\" \/>\n<meta name=\"twitter:label1\" content=\"Tahmini okuma s\u00fcresi\" \/>\n\t<meta name=\"twitter:data1\" content=\"1 dakika\" \/>\n<script type=\"application\/ld+json\" class=\"yoast-schema-graph\">{\"@context\":\"https:\\\/\\\/schema.org\",\"@graph\":[{\"@type\":\"WebPage\",\"@id\":\"https:\\\/\\\/www.lumosvet.com\\\/tr-tr\\\/veteriner-hizmetlerimiz\\\/\",\"url\":\"https:\\\/\\\/www.lumosvet.com\\\/tr-tr\\\/veteriner-hizmetlerimiz\\\/\",\"name\":\"Hizmetlerimiz - Lumos\",\"isPartOf\":{\"@id\":\"https:\\\/\\\/www.lumosvet.com\\\/tr-tr\\\/#website\"},\"datePublished\":\"2019-07-25T14:37:16+00:00\",\"dateModified\":\"2026-03-01T20:35:05+00:00\",\"breadcrumb\":{\"@id\":\"https:\\\/\\\/www.lumosvet.com\\\/tr-tr\\\/veteriner-hizmetlerimiz\\\/#breadcrumb\"},\"inLanguage\":\"tr\",\"potentialAction\":[{\"@type\":\"ReadAction\",\"target\":[\"https:\\\/\\\/www.lumosvet.com\\\/tr-tr\\\/veteriner-hizmetlerimiz\\\/\"]}]},{\"@type\":\"BreadcrumbList\",\"@id\":\"https:\\\/\\\/www.lumosvet.com\\\/tr-tr\\\/veteriner-hizmetlerimiz\\\/#breadcrumb\",\"itemListElement\":[{\"@type\":\"ListItem\",\"position\":1,\"name\":\"Anasayfa\",\"item\":\"https:\\\/\\\/www.lumosvet.com\\\/tr-tr\\\/\"},{\"@type\":\"ListItem\",\"position\":2,\"name\":\"Hizmetlerimiz\"}]},{\"@type\":\"WebSite\",\"@id\":\"https:\\\/\\\/www.lumosvet.com\\\/tr-tr\\\/#website\",\"url\":\"https:\\\/\\\/www.lumosvet.com\\\/tr-tr\\\/\",\"name\":\"Lumos\",\"description\":\"\",\"potentialAction\":[{\"@type\":\"SearchAction\",\"target\":{\"@type\":\"EntryPoint\",\"urlTemplate\":\"https:\\\/\\\/www.lumosvet.com\\\/tr-tr\\\/?s={search_term_string}\"},\"query-input\":{\"@type\":\"PropertyValueSpecification\",\"valueRequired\":true,\"valueName\":\"search_term_string\"}}],\"inLanguage\":\"tr\"}]}<\/script>\n<!-- \/ Yoast SEO plugin. -->","yoast_head_json":{"title":"Hizmetlerimiz - Lumos","robots":{"index":"index","follow":"follow","max-snippet":"max-snippet:-1","max-image-preview":"max-image-preview:large","max-video-preview":"max-video-preview:-1"},"canonical":"https:\/\/www.lumosvet.com\/tr-tr\/veteriner-hizmetlerimiz\/","og_locale":"tr_TR","og_type":"article","og_title":"Hizmetlerimiz - Lumos","og_description":"[vc_row row_content_width=&#8221;grid&#8221; css=&#8221;.vc_custom_1563187137789{padding-top: 110px !important;}&#8221;][vc_column width=&#8221;1\/4&#8243;][vc_column_text css=&#8221;&#8221;] Hizmetlerimiz [\/vc_column_text][vc_column_text css=&#8221;&#8221;] Acil Veterinerlik Hizmeti K\u0131s\u0131rla\u015ft\u0131rma Cerrahi Koruyucu Hekimlik Mikro\u00e7ip Takt\u0131rma Dahiliye Yo\u011fun Bak\u0131m [\/vc_column_text][\/vc_column][vc_column width=&#8221;3\/4&#8243;][vc_column_text css=&#8221;&#8221;] Lumos Veteriner Klini\u011fi olarak Maltepe\u2019de kedi ve k\u00f6pekler ba\u015fta olmak \u00fczere t\u00fcm patili dostlar\u0131n\u0131za kapsaml\u0131 [&hellip;]","og_url":"https:\/\/www.lumosvet.com\/tr-tr\/veteriner-hizmetlerimiz\/","og_site_name":"Lumos","article_modified_time":"2026-03-01T20:35:05+00:00","twitter_card":"summary_large_image","twitter_misc":{"Tahmini okuma s\u00fcresi":"1 dakika"},"schema":{"@context":"https:\/\/schema.org","@graph":[{"@type":"WebPage","@id":"https:\/\/www.lumosvet.com\/tr-tr\/veteriner-hizmetlerimiz\/","url":"https:\/\/www.lumosvet.com\/tr-tr\/veteriner-hizmetlerimiz\/","name":"Hizmetlerimiz - Lumos","isPartOf":{"@id":"https:\/\/www.lumosvet.com\/tr-tr\/#website"},"datePublished":"2019-07-25T14:37:16+00:00","dateModified":"2026-03-01T20:35:05+00:00","breadcrumb":{"@id":"https:\/\/www.lumosvet.com\/tr-tr\/veteriner-hizmetlerimiz\/#breadcrumb"},"inLanguage":"tr","potentialAction":[{"@type":"ReadAction","target":["https:\/\/www.lumosvet.com\/tr-tr\/veteriner-hizmetlerimiz\/"]}]},{"@type":"BreadcrumbList","@id":"https:\/\/www.lumosvet.com\/tr-tr\/veteriner-hizmetlerimiz\/#breadcrumb","itemListElement":[{"@type":"ListItem","position":1,"name":"Anasayfa","item":"https:\/\/www.lumosvet.com\/tr-tr\/"},{"@type":"ListItem","position":2,"name":"Hizmetlerimiz"}]},{"@type":"WebSite","@id":"https:\/\/www.lumosvet.com\/tr-tr\/#website","url":"https:\/\/www.lumosvet.com\/tr-tr\/","name":"Lumos","description":"","potentialAction":[{"@type":"SearchAction","target":{"@type":"EntryPoint","urlTemplate":"https:\/\/www.lumosvet.com\/tr-tr\/?s={search_term_string}"},"query-input":{"@type":"PropertyValueSpecification","valueRequired":true,"valueName":"search_term_string"}}],"inLanguage":"tr"}]}},"uagb_featured_image_src":{"full":false,"thumbnail":false,"medium":false,"medium_large":false,"large":false,"1536x1536":false,"2048x2048":false,"pawfriends_mikado_image_square":false,"pawfriends_mikado_image_landscape":false,"pawfriends_mikado_image_portrait":false,"pawfriends_mikado_image_huge":false},"uagb_author_info":{"display_name":"rtaytug","author_link":"https:\/\/www.lumosvet.com\/tr-tr\/author\/rtaytug\/"},"uagb_comment_info":0,"uagb_excerpt":"[vc_row row_content_width=&#8221;grid&#8221; css=&#8221;.vc_custom_1563187137789{padding-top: 110px !important;}&#8221;][vc_column width=&#8221;1\/4&#8243;][vc_column_text css=&#8221;&#8221;] Hizmetlerimiz [\/vc_column_text][vc_column_text css=&#8221;&#8221;] Acil Veterinerlik Hizmeti K\u0131s\u0131rla\u015ft\u0131rma Cerrahi Koruyucu Hekimlik Mikro\u00e7ip Takt\u0131rma Dahiliye Yo\u011fun Bak\u0131m [\/vc_column_text][\/vc_column][vc_column width=&#8221;3\/4&#8243;][vc_column_text css=&#8221;&#8221;] Lumos Veteriner Klini\u011fi olarak Maltepe\u2019de kedi ve k\u00f6pekler ba\u015fta olmak \u00fczere t\u00fcm patili dostlar\u0131n\u0131za kapsaml\u0131 [&hellip;]","_links":{"self":[{"href":"https:\/\/www.lumosvet.com\/tr-tr\/wp-json\/wp\/v2\/pages\/2136","targetHints":{"allow":["GET"]}}],"collection":[{"href":"https:\/\/www.lumosvet.com\/tr-tr\/wp-json\/wp\/v2\/pages"}],"about":[{"href":"https:\/\/www.lumosvet.com\/tr-tr\/wp-json\/wp\/v2\/types\/page"}],"author":[{"embeddable":true,"href":"https:\/\/www.lumosvet.com\/tr-tr\/wp-json\/wp\/v2\/users\/1"}],"replies":[{"embeddable":true,"href":"https:\/\/www.lumosvet.com\/tr-tr\/wp-json\/wp\/v2\/comments?post=2136"}],"version-history":[{"count":10,"href":"https:\/\/www.lumosvet.com\/tr-tr\/wp-json\/wp\/v2\/pages\/2136\/revisions"}],"predecessor-version":[{"id":5278,"href":"https:\/\/www.lumosvet.com\/tr-tr\/wp-json\/wp\/v2\/pages\/2136\/revisions\/5278"}],"wp:attachment":[{"href":"https:\/\/www.lumosvet.com\/tr-tr\/wp-json\/wp\/v2\/media?parent=2136"}],"curies":[{"name":"wp","href":"https:\/\/api.w.org\/{rel}","templated":true}]}}