{"id":5286,"date":"2026-03-01T23:41:34","date_gmt":"2026-03-01T20:41:34","guid":{"rendered":"https:\/\/www.lumosvet.com\/tr-tr\/?page_id=5286"},"modified":"2026-03-01T23:41:34","modified_gmt":"2026-03-01T20:41:34","slug":"koruyucu-hekimlik","status":"publish","type":"page","link":"https:\/\/www.lumosvet.com\/tr-tr\/veteriner-hizmetlerimiz\/koruyucu-hekimlik\/","title":{"rendered":"Koruyucu Hekimlik"},"content":{"rendered":"<div class=\"wpb-content-wrapper\"><p>[vc_row row_content_width=&#8221;grid&#8221; css=&#8221;.vc_custom_1563187137789{padding-top: 110px !important;}&#8221;][vc_column width=&#8221;1\/4&#8243;][vc_column_text css=&#8221;&#8221;]<\/p>\n<h4>Hizmetlerimiz<\/h4>\n<p>[\/vc_column_text][vc_column_text css=&#8221;&#8221;]<\/p>\n<ul>\n<li><a href=\"https:\/\/www.lumosvet.com\/tr-tr\/veteriner-hizmetlerimiz\/maltepe-acil-nobetci-veteriner\/\">Acil Veterinerlik Hizmeti<\/a><\/li>\n<li><a href=\"https:\/\/www.lumosvet.com\/tr-tr\/veteriner-hizmetlerimiz\/kisirlastirma\/\">K\u0131s\u0131rla\u015ft\u0131rma<\/a><\/li>\n<li><a href=\"https:\/\/www.lumosvet.com\/tr-tr\/veteriner-hizmetlerimiz\/cerrahi\/\">Cerrahi<\/a><\/li>\n<li><a href=\"https:\/\/www.lumosvet.com\/tr-tr\/veteriner-hizmetlerimiz\/koruyucu-hekimlik\/\">Koruyucu Hekimlik<\/a><\/li>\n<li>Mikro\u00e7ip Takt\u0131rma<\/li>\n<li>Dahiliye<\/li>\n<li>Yo\u011fun Bak\u0131m<\/li>\n<\/ul>\n<p>[\/vc_column_text][\/vc_column][vc_column width=&#8221;3\/4&#8243;][vc_column_text css=&#8221;&#8221;]<\/p>\n<div class=\"fusion-text fusion-text-3 fusion-text-no-margin\">\n<div class=\"fusion-text fusion-text-3 fusion-text-no-margin\">\n<p data-start=\"211\" data-end=\"516\">Lumos Veteriner Klini\u011fi\u2019nde cerrahi i\u015flemler modern ameliyathane ko\u015fullar\u0131nda, steril ortamda ve g\u00fcncel anestezi teknikleri kullan\u0131larak g\u00fcvenle ger\u00e7ekle\u015ftirilmektedir. Deneyimli veteriner hekim kadromuz, hem planl\u0131 operasyonlarda hem de acil m\u00fcdahale gerektiren durumlarda h\u0131zl\u0131 ve etkili \u00e7\u00f6z\u00fcmler sunar.<\/p>\n<p data-start=\"518\" data-end=\"798\">Acil kazalar, travmalar, zehirlenmeler ve hayati risk ta\u015f\u0131yan durumlarda zaman kaybetmeden m\u00fcdahale edilmesi b\u00fcy\u00fck \u00f6nem ta\u015f\u0131r. Klini\u011fimizde gerekli cerrahi ekipman ve ileri tan\u0131 imkanlar\u0131 sayesinde operasyon s\u00fcreci dikkatle planlan\u0131r ve operasyon sonras\u0131 takip titizlikle yap\u0131l\u0131r.<\/p>\n<p data-start=\"800\" data-end=\"980\">Her cerrahi i\u015flem \u00f6ncesinde detayl\u0131 muayene ve gerekli tetkikler ger\u00e7ekle\u015ftirilir; operasyon sonras\u0131 bak\u0131m s\u00fcreci ise dostunuzun konforu ve g\u00fcvenli\u011fi \u00f6n planda tutularak y\u00fcr\u00fct\u00fcl\u00fcr.<\/p>\n<\/div>\n<div class=\"fusion-text fusion-text-4 fusion-text-no-margin\"><img loading=\"lazy\" decoding=\"async\" class=\"alignnone wp-image-5283 size-full\" src=\"https:\/\/www.lumosvet.com\/tr-tr\/wp-content\/uploads\/2026\/03\/veteriner-cerrahi.jpg\" alt=\"\" width=\"900\" height=\"600\" srcset=\"https:\/\/www.lumosvet.com\/tr-tr\/wp-content\/uploads\/2026\/03\/veteriner-cerrahi.jpg 900w, https:\/\/www.lumosvet.com\/tr-tr\/wp-content\/uploads\/2026\/03\/veteriner-cerrahi-300x200.jpg 300w, https:\/\/www.lumosvet.com\/tr-tr\/wp-content\/uploads\/2026\/03\/veteriner-cerrahi-768x512.jpg 768w\" sizes=\"auto, (max-width: 900px) 100vw, 900px\" \/><\/div>\n<div class=\"fusion-text fusion-text-4 fusion-text-no-margin\">\n<h3 data-start=\"987\" data-end=\"1021\">Uygulad\u0131\u011f\u0131m\u0131z Cerrahi \u0130\u015flemler<\/h3>\n<p data-start=\"1023\" data-end=\"1167\">\u2022 Yumu\u015fak doku cerrahisi<br data-start=\"1047\" data-end=\"1050\" \/>\u2022 K\u0131s\u0131rla\u015ft\u0131rma operasyonlar\u0131<br data-start=\"1079\" data-end=\"1082\" \/>\u2022 T\u00fcm\u00f6r operasyonlar\u0131<br data-start=\"1103\" data-end=\"1106\" \/>\u2022 Travma ve diki\u015f uygulamalar\u0131<br data-start=\"1136\" data-end=\"1139\" \/>\u2022 Acil cerrahi m\u00fcdahaleler<\/p>\n<\/div>\n<\/div>\n<p>[\/vc_column_text][\/vc_column][\/vc_row][vc_row][vc_column][vc_empty_space][\/vc_column][\/vc_row]<\/p>\n<\/div>","protected":false},"excerpt":{"rendered":"<p>[vc_row row_content_width=&#8221;grid&#8221; css=&#8221;.vc_custom_1563187137789{padding-top: 110px !important;}&#8221;][vc_column width=&#8221;1\/4&#8243;][vc_column_text css=&#8221;&#8221;] Hizmetlerimiz [\/vc_column_text][vc_column_text css=&#8221;&#8221;] Acil Veterinerlik Hizmeti K\u0131s\u0131rla\u015ft\u0131rma Cerrahi Koruyucu Hekimlik Mikro\u00e7ip Takt\u0131rma Dahiliye Yo\u011fun Bak\u0131m [\/vc_column_text][\/vc_column][vc_column width=&#8221;3\/4&#8243;][vc_column_text css=&#8221;&#8221;] Lumos Veteriner Klini\u011fi\u2019nde cerrahi i\u015flemler modern ameliyathane ko\u015fullar\u0131nda, steril ortamda ve g\u00fcncel anestezi teknikleri kullan\u0131larak [&hellip;]<\/p>\n","protected":false},"author":1,"featured_media":0,"parent":2136,"menu_order":0,"comment_status":"closed","ping_status":"closed","template":"full-width.php","meta":{"_uag_custom_page_level_css":"","footnotes":""},"class_list":["post-5286","page","type-page","status-publish","hentry"],"yoast_head":"<!-- This site is optimized with the Yoast SEO plugin v27.4 - https:\/\/yoast.com\/product\/yoast-seo-wordpress\/ -->\n<title>Koruyucu Hekimlik - Lumos<\/title>\n<meta name=\"robots\" content=\"index, follow, max-snippet:-1, max-image-preview:large, max-video-preview:-1\" \/>\n<link rel=\"canonical\" href=\"https:\/\/www.lumosvet.com\/tr-tr\/veteriner-hizmetlerimiz\/koruyucu-hekimlik\/\" \/>\n<meta property=\"og:locale\" content=\"tr_TR\" \/>\n<meta property=\"og:type\" content=\"article\" \/>\n<meta property=\"og:title\" content=\"Koruyucu Hekimlik - Lumos\" \/>\n<meta property=\"og:description\" content=\"[vc_row row_content_width=&#8221;grid&#8221; css=&#8221;.vc_custom_1563187137789{padding-top: 110px !important;}&#8221;][vc_column width=&#8221;1\/4&#8243;][vc_column_text css=&#8221;&#8221;] Hizmetlerimiz [\/vc_column_text][vc_column_text css=&#8221;&#8221;] Acil Veterinerlik Hizmeti K\u0131s\u0131rla\u015ft\u0131rma Cerrahi Koruyucu Hekimlik Mikro\u00e7ip Takt\u0131rma Dahiliye Yo\u011fun Bak\u0131m [\/vc_column_text][\/vc_column][vc_column width=&#8221;3\/4&#8243;][vc_column_text css=&#8221;&#8221;] Lumos Veteriner Klini\u011fi\u2019nde cerrahi i\u015flemler modern ameliyathane ko\u015fullar\u0131nda, steril ortamda ve g\u00fcncel anestezi teknikleri kullan\u0131larak [&hellip;]\" \/>\n<meta property=\"og:url\" content=\"https:\/\/www.lumosvet.com\/tr-tr\/veteriner-hizmetlerimiz\/koruyucu-hekimlik\/\" \/>\n<meta property=\"og:site_name\" content=\"Lumos\" \/>\n<meta property=\"og:image\" content=\"https:\/\/www.lumosvet.com\/tr-tr\/wp-content\/uploads\/2026\/03\/veteriner-cerrahi.jpg\" \/>\n\t<meta property=\"og:image:width\" content=\"900\" \/>\n\t<meta property=\"og:image:height\" content=\"600\" \/>\n\t<meta property=\"og:image:type\" content=\"image\/jpeg\" \/>\n<meta name=\"twitter:card\" content=\"summary_large_image\" \/>\n<meta name=\"twitter:label1\" content=\"Tahmini okuma s\u00fcresi\" \/>\n\t<meta name=\"twitter:data1\" content=\"2 dakika\" \/>\n<script type=\"application\/ld+json\" class=\"yoast-schema-graph\">{\"@context\":\"https:\\\/\\\/schema.org\",\"@graph\":[{\"@type\":\"WebPage\",\"@id\":\"https:\\\/\\\/www.lumosvet.com\\\/tr-tr\\\/veteriner-hizmetlerimiz\\\/koruyucu-hekimlik\\\/\",\"url\":\"https:\\\/\\\/www.lumosvet.com\\\/tr-tr\\\/veteriner-hizmetlerimiz\\\/koruyucu-hekimlik\\\/\",\"name\":\"Koruyucu Hekimlik - Lumos\",\"isPartOf\":{\"@id\":\"https:\\\/\\\/www.lumosvet.com\\\/tr-tr\\\/#website\"},\"primaryImageOfPage\":{\"@id\":\"https:\\\/\\\/www.lumosvet.com\\\/tr-tr\\\/veteriner-hizmetlerimiz\\\/koruyucu-hekimlik\\\/#primaryimage\"},\"image\":{\"@id\":\"https:\\\/\\\/www.lumosvet.com\\\/tr-tr\\\/veteriner-hizmetlerimiz\\\/koruyucu-hekimlik\\\/#primaryimage\"},\"thumbnailUrl\":\"https:\\\/\\\/www.lumosvet.com\\\/tr-tr\\\/wp-content\\\/uploads\\\/2026\\\/03\\\/veteriner-cerrahi.jpg\",\"datePublished\":\"2026-03-01T20:41:34+00:00\",\"breadcrumb\":{\"@id\":\"https:\\\/\\\/www.lumosvet.com\\\/tr-tr\\\/veteriner-hizmetlerimiz\\\/koruyucu-hekimlik\\\/#breadcrumb\"},\"inLanguage\":\"tr\",\"potentialAction\":[{\"@type\":\"ReadAction\",\"target\":[\"https:\\\/\\\/www.lumosvet.com\\\/tr-tr\\\/veteriner-hizmetlerimiz\\\/koruyucu-hekimlik\\\/\"]}]},{\"@type\":\"ImageObject\",\"inLanguage\":\"tr\",\"@id\":\"https:\\\/\\\/www.lumosvet.com\\\/tr-tr\\\/veteriner-hizmetlerimiz\\\/koruyucu-hekimlik\\\/#primaryimage\",\"url\":\"https:\\\/\\\/www.lumosvet.com\\\/tr-tr\\\/wp-content\\\/uploads\\\/2026\\\/03\\\/veteriner-cerrahi.jpg\",\"contentUrl\":\"https:\\\/\\\/www.lumosvet.com\\\/tr-tr\\\/wp-content\\\/uploads\\\/2026\\\/03\\\/veteriner-cerrahi.jpg\",\"width\":900,\"height\":600},{\"@type\":\"BreadcrumbList\",\"@id\":\"https:\\\/\\\/www.lumosvet.com\\\/tr-tr\\\/veteriner-hizmetlerimiz\\\/koruyucu-hekimlik\\\/#breadcrumb\",\"itemListElement\":[{\"@type\":\"ListItem\",\"position\":1,\"name\":\"Anasayfa\",\"item\":\"https:\\\/\\\/www.lumosvet.com\\\/tr-tr\\\/\"},{\"@type\":\"ListItem\",\"position\":2,\"name\":\"Hizmetlerimiz\",\"item\":\"https:\\\/\\\/www.lumosvet.com\\\/tr-tr\\\/veteriner-hizmetlerimiz\\\/\"},{\"@type\":\"ListItem\",\"position\":3,\"name\":\"Koruyucu Hekimlik\"}]},{\"@type\":\"WebSite\",\"@id\":\"https:\\\/\\\/www.lumosvet.com\\\/tr-tr\\\/#website\",\"url\":\"https:\\\/\\\/www.lumosvet.com\\\/tr-tr\\\/\",\"name\":\"Lumos\",\"description\":\"\",\"potentialAction\":[{\"@type\":\"SearchAction\",\"target\":{\"@type\":\"EntryPoint\",\"urlTemplate\":\"https:\\\/\\\/www.lumosvet.com\\\/tr-tr\\\/?s={search_term_string}\"},\"query-input\":{\"@type\":\"PropertyValueSpecification\",\"valueRequired\":true,\"valueName\":\"search_term_string\"}}],\"inLanguage\":\"tr\"}]}<\/script>\n<!-- \/ Yoast SEO plugin. -->","yoast_head_json":{"title":"Koruyucu Hekimlik - Lumos","robots":{"index":"index","follow":"follow","max-snippet":"max-snippet:-1","max-image-preview":"max-image-preview:large","max-video-preview":"max-video-preview:-1"},"canonical":"https:\/\/www.lumosvet.com\/tr-tr\/veteriner-hizmetlerimiz\/koruyucu-hekimlik\/","og_locale":"tr_TR","og_type":"article","og_title":"Koruyucu Hekimlik - Lumos","og_description":"[vc_row row_content_width=&#8221;grid&#8221; css=&#8221;.vc_custom_1563187137789{padding-top: 110px !important;}&#8221;][vc_column width=&#8221;1\/4&#8243;][vc_column_text css=&#8221;&#8221;] Hizmetlerimiz [\/vc_column_text][vc_column_text css=&#8221;&#8221;] Acil Veterinerlik Hizmeti K\u0131s\u0131rla\u015ft\u0131rma Cerrahi Koruyucu Hekimlik Mikro\u00e7ip Takt\u0131rma Dahiliye Yo\u011fun Bak\u0131m [\/vc_column_text][\/vc_column][vc_column width=&#8221;3\/4&#8243;][vc_column_text css=&#8221;&#8221;] Lumos Veteriner Klini\u011fi\u2019nde cerrahi i\u015flemler modern ameliyathane ko\u015fullar\u0131nda, steril ortamda ve g\u00fcncel anestezi teknikleri kullan\u0131larak [&hellip;]","og_url":"https:\/\/www.lumosvet.com\/tr-tr\/veteriner-hizmetlerimiz\/koruyucu-hekimlik\/","og_site_name":"Lumos","og_image":[{"width":900,"height":600,"url":"https:\/\/www.lumosvet.com\/tr-tr\/wp-content\/uploads\/2026\/03\/veteriner-cerrahi.jpg","type":"image\/jpeg"}],"twitter_card":"summary_large_image","twitter_misc":{"Tahmini okuma s\u00fcresi":"2 dakika"},"schema":{"@context":"https:\/\/schema.org","@graph":[{"@type":"WebPage","@id":"https:\/\/www.lumosvet.com\/tr-tr\/veteriner-hizmetlerimiz\/koruyucu-hekimlik\/","url":"https:\/\/www.lumosvet.com\/tr-tr\/veteriner-hizmetlerimiz\/koruyucu-hekimlik\/","name":"Koruyucu Hekimlik - Lumos","isPartOf":{"@id":"https:\/\/www.lumosvet.com\/tr-tr\/#website"},"primaryImageOfPage":{"@id":"https:\/\/www.lumosvet.com\/tr-tr\/veteriner-hizmetlerimiz\/koruyucu-hekimlik\/#primaryimage"},"image":{"@id":"https:\/\/www.lumosvet.com\/tr-tr\/veteriner-hizmetlerimiz\/koruyucu-hekimlik\/#primaryimage"},"thumbnailUrl":"https:\/\/www.lumosvet.com\/tr-tr\/wp-content\/uploads\/2026\/03\/veteriner-cerrahi.jpg","datePublished":"2026-03-01T20:41:34+00:00","breadcrumb":{"@id":"https:\/\/www.lumosvet.com\/tr-tr\/veteriner-hizmetlerimiz\/koruyucu-hekimlik\/#breadcrumb"},"inLanguage":"tr","potentialAction":[{"@type":"ReadAction","target":["https:\/\/www.lumosvet.com\/tr-tr\/veteriner-hizmetlerimiz\/koruyucu-hekimlik\/"]}]},{"@type":"ImageObject","inLanguage":"tr","@id":"https:\/\/www.lumosvet.com\/tr-tr\/veteriner-hizmetlerimiz\/koruyucu-hekimlik\/#primaryimage","url":"https:\/\/www.lumosvet.com\/tr-tr\/wp-content\/uploads\/2026\/03\/veteriner-cerrahi.jpg","contentUrl":"https:\/\/www.lumosvet.com\/tr-tr\/wp-content\/uploads\/2026\/03\/veteriner-cerrahi.jpg","width":900,"height":600},{"@type":"BreadcrumbList","@id":"https:\/\/www.lumosvet.com\/tr-tr\/veteriner-hizmetlerimiz\/koruyucu-hekimlik\/#breadcrumb","itemListElement":[{"@type":"ListItem","position":1,"name":"Anasayfa","item":"https:\/\/www.lumosvet.com\/tr-tr\/"},{"@type":"ListItem","position":2,"name":"Hizmetlerimiz","item":"https:\/\/www.lumosvet.com\/tr-tr\/veteriner-hizmetlerimiz\/"},{"@type":"ListItem","position":3,"name":"Koruyucu Hekimlik"}]},{"@type":"WebSite","@id":"https:\/\/www.lumosvet.com\/tr-tr\/#website","url":"https:\/\/www.lumosvet.com\/tr-tr\/","name":"Lumos","description":"","potentialAction":[{"@type":"SearchAction","target":{"@type":"EntryPoint","urlTemplate":"https:\/\/www.lumosvet.com\/tr-tr\/?s={search_term_string}"},"query-input":{"@type":"PropertyValueSpecification","valueRequired":true,"valueName":"search_term_string"}}],"inLanguage":"tr"}]}},"uagb_featured_image_src":{"full":false,"thumbnail":false,"medium":false,"medium_large":false,"large":false,"1536x1536":false,"2048x2048":false,"pawfriends_mikado_image_square":false,"pawfriends_mikado_image_landscape":false,"pawfriends_mikado_image_portrait":false,"pawfriends_mikado_image_huge":false},"uagb_author_info":{"display_name":"rtaytug","author_link":"https:\/\/www.lumosvet.com\/tr-tr\/author\/rtaytug\/"},"uagb_comment_info":0,"uagb_excerpt":"[vc_row row_content_width=&#8221;grid&#8221; css=&#8221;.vc_custom_1563187137789{padding-top: 110px !important;}&#8221;][vc_column width=&#8221;1\/4&#8243;][vc_column_text css=&#8221;&#8221;] Hizmetlerimiz [\/vc_column_text][vc_column_text css=&#8221;&#8221;] Acil Veterinerlik Hizmeti K\u0131s\u0131rla\u015ft\u0131rma Cerrahi Koruyucu Hekimlik Mikro\u00e7ip Takt\u0131rma Dahiliye Yo\u011fun Bak\u0131m [\/vc_column_text][\/vc_column][vc_column width=&#8221;3\/4&#8243;][vc_column_text css=&#8221;&#8221;] Lumos Veteriner Klini\u011fi\u2019nde cerrahi i\u015flemler modern ameliyathane ko\u015fullar\u0131nda, steril ortamda ve g\u00fcncel anestezi teknikleri kullan\u0131larak [&hellip;]","_links":{"self":[{"href":"https:\/\/www.lumosvet.com\/tr-tr\/wp-json\/wp\/v2\/pages\/5286","targetHints":{"allow":["GET"]}}],"collection":[{"href":"https:\/\/www.lumosvet.com\/tr-tr\/wp-json\/wp\/v2\/pages"}],"about":[{"href":"https:\/\/www.lumosvet.com\/tr-tr\/wp-json\/wp\/v2\/types\/page"}],"author":[{"embeddable":true,"href":"https:\/\/www.lumosvet.com\/tr-tr\/wp-json\/wp\/v2\/users\/1"}],"replies":[{"embeddable":true,"href":"https:\/\/www.lumosvet.com\/tr-tr\/wp-json\/wp\/v2\/comments?post=5286"}],"version-history":[{"count":1,"href":"https:\/\/www.lumosvet.com\/tr-tr\/wp-json\/wp\/v2\/pages\/5286\/revisions"}],"predecessor-version":[{"id":5287,"href":"https:\/\/www.lumosvet.com\/tr-tr\/wp-json\/wp\/v2\/pages\/5286\/revisions\/5287"}],"up":[{"embeddable":true,"href":"https:\/\/www.lumosvet.com\/tr-tr\/wp-json\/wp\/v2\/pages\/2136"}],"wp:attachment":[{"href":"https:\/\/www.lumosvet.com\/tr-tr\/wp-json\/wp\/v2\/media?parent=5286"}],"curies":[{"name":"wp","href":"https:\/\/api.w.org\/{rel}","templated":true}]}}